{"id":5,"date":"2017-12-23T16:59:15","date_gmt":"2017-12-23T16:59:15","guid":{"rendered":"https:\/\/musiskaftenskole-saeby.dk.linux155.unoeuro-server.com\/wp\/?page_id=5"},"modified":"2025-11-25T16:06:52","modified_gmt":"2025-11-25T16:06:52","slug":"orkester","status":"publish","type":"page","link":"https:\/\/musiskaftenskole-saeby.dk\/?page_id=5","title":{"rendered":"Orkester &#8211; Musikkorps S\u00e6by"},"content":{"rendered":"<p>Musikkorps S\u00e6by som er et harmoniorkester best\u00e5r af 45 aktive amat\u00f8rmusikere i alderen 22-80 \u00e5r, og som alle har den f\u00e6lles interesse, at dyrke musik i fritiden.<\/p>\n<p>Undervisningen er for \u00f8vede, dvs. at du skal kunne l\u00e6se noder og beherske et instrument. Har du spillet f\u00f8r, s\u00e5 kom og v\u00e6r med i et godt musikalsk og socialt f\u00e6llesskab.<\/p>\n<p>Har du ikke de forn\u00f8dne foruds\u00e6tninger, s\u00e5 kan du f\u00e5 undervisning i aftenskolen inden du optages i Musikkorpset.\u00a0Klik p\u00e5\u00a0<em><strong>instrumentalundevisning<\/strong><\/em>.<\/p>\n<p>L\u00e6s mere om os p\u00e5 vores hjemmeside\u00a0<a href=\"http:\/\/www.musikkorps-saeby.dk\/\">www.musikkorps-saeby.dk<\/a><\/p>\n<p><strong>Tid:<\/strong>\u00a0Torsdage kl. 19.30-22.00<br \/>\n<strong><br \/>\nSted: <\/strong>Musikhuset Skolegade 6a, S\u00e6by<\/p>\n<p><strong>Periode:<\/strong>\u00a0L\u00f8bende optag &#8211; ring og h\u00f8r n\u00e6rmere<br \/>\n<strong>Tilmelding<\/strong><br \/>\nEa S\u00f8e Andersen<br \/>\ntelefon 2536 3275<\/p>\n<p><strong>Instrukt\u00f8r:<\/strong><\/p>\n<p>Mogens B. Jensen<\/p>\n<p><strong>Pris:<\/strong><\/p>\n<p>Afh\u00e6ngig af deltagerantal.<\/p>\n","protected":false},"excerpt":{"rendered":"<p>Musikkorps S\u00e6by som er et harmoniorkester best\u00e5r af 45 aktive amat\u00f8rmusikere i alderen 22-80 \u00e5r, og som alle har den f\u00e6lles interesse, at dyrke musik i fritiden. Undervisningen er for \u00f8vede, dvs. at du skal kunne l\u00e6se noder og beherske et instrument. Har du spillet f\u00f8r, s\u00e5 kom og v\u00e6r med i et godt musikalsk &hellip; <a href=\"https:\/\/musiskaftenskole-saeby.dk\/?page_id=5\" class=\"more-link\">L\u00e6s mere <span class=\"screen-reader-text\">Orkester &#8211; Musikkorps S\u00e6by<\/span><\/a><\/p>\n","protected":false},"author":1,"featured_media":0,"parent":0,"menu_order":0,"comment_status":"closed","ping_status":"closed","template":"","meta":{"footnotes":""},"class_list":["post-5","page","type-page","status-publish","hentry"],"_links":{"self":[{"href":"https:\/\/musiskaftenskole-saeby.dk\/index.php?rest_route=\/wp\/v2\/pages\/5","targetHints":{"allow":["GET"]}}],"collection":[{"href":"https:\/\/musiskaftenskole-saeby.dk\/index.php?rest_route=\/wp\/v2\/pages"}],"about":[{"href":"https:\/\/musiskaftenskole-saeby.dk\/index.php?rest_route=\/wp\/v2\/types\/page"}],"author":[{"embeddable":true,"href":"https:\/\/musiskaftenskole-saeby.dk\/index.php?rest_route=\/wp\/v2\/users\/1"}],"replies":[{"embeddable":true,"href":"https:\/\/musiskaftenskole-saeby.dk\/index.php?rest_route=%2Fwp%2Fv2%2Fcomments&post=5"}],"version-history":[{"count":9,"href":"https:\/\/musiskaftenskole-saeby.dk\/index.php?rest_route=\/wp\/v2\/pages\/5\/revisions"}],"predecessor-version":[{"id":73,"href":"https:\/\/musiskaftenskole-saeby.dk\/index.php?rest_route=\/wp\/v2\/pages\/5\/revisions\/73"}],"wp:attachment":[{"href":"https:\/\/musiskaftenskole-saeby.dk\/index.php?rest_route=%2Fwp%2Fv2%2Fmedia&parent=5"}],"curies":[{"name":"wp","href":"https:\/\/api.w.org\/{rel}","templated":true}]}}