{"id":20,"date":"2017-12-23T17:42:14","date_gmt":"2017-12-23T17:42:14","guid":{"rendered":"https:\/\/musiskaftenskole-saeby.dk.linux155.unoeuro-server.com\/wp\/?page_id=20"},"modified":"2025-11-25T15:52:53","modified_gmt":"2025-11-25T15:52:53","slug":"forside","status":"publish","type":"page","link":"https:\/\/musiskaftenskole-saeby.dk\/","title":{"rendered":"Undervisningstilbud for s\u00e6sonen 2026"},"content":{"rendered":"<p style=\"font-weight: 400;\">Velkommen til Musisk Aftenskoles hjemmeside.<\/p>\n<p>P\u00e5\u00a0denne\u00a0hjemmeside kan du l\u00e6se om vores tilbud for den kommende s\u00e6son.\u00a0Du kan desuden tilmelde dig via\u00a0formularen, som du kan finde her p\u00e5 hjemmesiden.<\/p>\n<p style=\"font-weight: 400;\">Har du andre\u00a0undervisnings\u00f8nsker indenfor\u00a0sang- og musikgenren\u00a0end dem du finder her p\u00e5 siden, s\u00e5 ring og h\u00f8r n\u00e6rmere om mulighederne.<\/p>\n<p style=\"font-weight: 400;\">Vel m\u00f8dt til s\u00e6sonen 2026.<\/p>\n","protected":false},"excerpt":{"rendered":"<p>Velkommen til Musisk Aftenskoles hjemmeside. P\u00e5\u00a0denne\u00a0hjemmeside kan du l\u00e6se om vores tilbud for den kommende s\u00e6son.\u00a0Du kan desuden tilmelde dig via\u00a0formularen, som du kan finde her p\u00e5 hjemmesiden. Har du andre\u00a0undervisnings\u00f8nsker indenfor\u00a0sang- og musikgenren\u00a0end dem du finder her p\u00e5 siden, s\u00e5 ring og h\u00f8r n\u00e6rmere om mulighederne. Vel m\u00f8dt til s\u00e6sonen 2026.<\/p>\n","protected":false},"author":1,"featured_media":0,"parent":0,"menu_order":0,"comment_status":"closed","ping_status":"closed","template":"","meta":{"footnotes":""},"class_list":["post-20","page","type-page","status-publish","hentry"],"_links":{"self":[{"href":"https:\/\/musiskaftenskole-saeby.dk\/index.php?rest_route=\/wp\/v2\/pages\/20","targetHints":{"allow":["GET"]}}],"collection":[{"href":"https:\/\/musiskaftenskole-saeby.dk\/index.php?rest_route=\/wp\/v2\/pages"}],"about":[{"href":"https:\/\/musiskaftenskole-saeby.dk\/index.php?rest_route=\/wp\/v2\/types\/page"}],"author":[{"embeddable":true,"href":"https:\/\/musiskaftenskole-saeby.dk\/index.php?rest_route=\/wp\/v2\/users\/1"}],"replies":[{"embeddable":true,"href":"https:\/\/musiskaftenskole-saeby.dk\/index.php?rest_route=%2Fwp%2Fv2%2Fcomments&post=20"}],"version-history":[{"count":10,"href":"https:\/\/musiskaftenskole-saeby.dk\/index.php?rest_route=\/wp\/v2\/pages\/20\/revisions"}],"predecessor-version":[{"id":71,"href":"https:\/\/musiskaftenskole-saeby.dk\/index.php?rest_route=\/wp\/v2\/pages\/20\/revisions\/71"}],"wp:attachment":[{"href":"https:\/\/musiskaftenskole-saeby.dk\/index.php?rest_route=%2Fwp%2Fv2%2Fmedia&parent=20"}],"curies":[{"name":"wp","href":"https:\/\/api.w.org\/{rel}","templated":true}]}}