{"id":17,"date":"2017-12-23T17:40:23","date_gmt":"2017-12-23T17:40:23","guid":{"rendered":"https:\/\/musiskaftenskole-saeby.dk.linux155.unoeuro-server.com\/wp\/?page_id=17"},"modified":"2020-08-10T08:19:45","modified_gmt":"2020-08-10T08:19:45","slug":"praktiske-oplysninger","status":"publish","type":"page","link":"https:\/\/musiskaftenskole-saeby.dk\/?page_id=17","title":{"rendered":"Praktiske oplysninger"},"content":{"rendered":"<p style=\"font-weight: 400;\"><strong>Tilmelding:<\/strong>\u00a0Kan ske ved henvendelse til Aftenskoleleder Steen Klarup\u00a0Hattemagervej 23, 9300 S\u00e6by<\/p>\n<p style=\"font-weight: 400;\">telefon 40242886 eller via mail <a href=\"mailto:klarup@privat.dk\">hsklarup@gmail.com<\/a><\/p>\n<p style=\"font-weight: 400;\">Du kan ogs\u00e5 benytte formularen p\u00e5 denne hjemmeside. Hvorefter vi vil rette henvendelse til dig.<\/p>\n<p style=\"font-weight: 400;\"><strong>Framelding:<\/strong>\u00a0Tilmelding er bindende uanset tilmeldingsform, og uanset om du m\u00f8der op eller ej. Dog kan du indtil 14 dage f\u00f8r kursusstart framelde dig og f\u00e5 kursusgebyret refunderet.<\/p>\n<p style=\"font-weight: 400;\">\n<p style=\"font-weight: 400;\"><strong>Materialeudgifter:<\/strong>\u00a0Nodeb\u00f8ger mv. betales af deltageren. Instrumenter skal deltageren ogs\u00e5 selv medbringe, dog undtaget klaver og keyboard. Der kan i begr\u00e6nset omfang lejes instrumenter gennem musikskolen.<\/p>\n","protected":false},"excerpt":{"rendered":"<p>Tilmelding:\u00a0Kan ske ved henvendelse til Aftenskoleleder Steen Klarup\u00a0Hattemagervej 23, 9300 S\u00e6by telefon 40242886 eller via mail hsklarup@gmail.com Du kan ogs\u00e5 benytte formularen p\u00e5 denne hjemmeside. Hvorefter vi vil rette henvendelse til dig. Framelding:\u00a0Tilmelding er bindende uanset tilmeldingsform, og uanset om du m\u00f8der op eller ej. Dog kan du indtil 14 dage f\u00f8r kursusstart framelde dig &hellip; <a href=\"https:\/\/musiskaftenskole-saeby.dk\/?page_id=17\" class=\"more-link\">L\u00e6s mere <span class=\"screen-reader-text\">Praktiske oplysninger<\/span><\/a><\/p>\n","protected":false},"author":1,"featured_media":0,"parent":0,"menu_order":0,"comment_status":"closed","ping_status":"closed","template":"","meta":{"footnotes":""},"class_list":["post-17","page","type-page","status-publish","hentry"],"_links":{"self":[{"href":"https:\/\/musiskaftenskole-saeby.dk\/index.php?rest_route=\/wp\/v2\/pages\/17","targetHints":{"allow":["GET"]}}],"collection":[{"href":"https:\/\/musiskaftenskole-saeby.dk\/index.php?rest_route=\/wp\/v2\/pages"}],"about":[{"href":"https:\/\/musiskaftenskole-saeby.dk\/index.php?rest_route=\/wp\/v2\/types\/page"}],"author":[{"embeddable":true,"href":"https:\/\/musiskaftenskole-saeby.dk\/index.php?rest_route=\/wp\/v2\/users\/1"}],"replies":[{"embeddable":true,"href":"https:\/\/musiskaftenskole-saeby.dk\/index.php?rest_route=%2Fwp%2Fv2%2Fcomments&post=17"}],"version-history":[{"count":3,"href":"https:\/\/musiskaftenskole-saeby.dk\/index.php?rest_route=\/wp\/v2\/pages\/17\/revisions"}],"predecessor-version":[{"id":49,"href":"https:\/\/musiskaftenskole-saeby.dk\/index.php?rest_route=\/wp\/v2\/pages\/17\/revisions\/49"}],"wp:attachment":[{"href":"https:\/\/musiskaftenskole-saeby.dk\/index.php?rest_route=%2Fwp%2Fv2%2Fmedia&parent=17"}],"curies":[{"name":"wp","href":"https:\/\/api.w.org\/{rel}","templated":true}]}}