{"id":13,"date":"2017-12-23T17:39:47","date_gmt":"2017-12-23T17:39:47","guid":{"rendered":"https:\/\/musiskaftenskole-saeby.dk.linux155.unoeuro-server.com\/wp\/?page_id=13"},"modified":"2024-01-21T11:31:47","modified_gmt":"2024-01-21T11:31:47","slug":"instrumental","status":"publish","type":"page","link":"https:\/\/musiskaftenskole-saeby.dk\/?page_id=13","title":{"rendered":"Instrumentalundervisning"},"content":{"rendered":"<p><strong>Musisk Aftenskole tilbyder\u00a0undervisning i nedenst\u00e5ende instrumenter. Har du andre \u00f8nske, s\u00e5 ring og forh\u00f8r dig om mulighederne.<\/strong><\/p>\n<p>&#8211; Trompet<br \/>\n&#8211; Basun<br \/>\n&#8211; Horn<br \/>\n&#8211; Klarinet<br \/>\n&#8211; Saxofon<\/p>\n<p><em>Undervisningen er for begyndere og \u00f8vede.<\/em><\/p>\n<p><strong>Tid:<\/strong><\/p>\n<p>Efter aftale<\/p>\n<p><strong>Sted:<\/strong><\/p>\n<p>Musikhuset i Skolegade.<\/p>\n<p><strong>Periode:<\/strong>\u00a0Efter eget \u00f8nske.<\/p>\n<p><strong>Tilmelding:<\/strong> Steen Klarup,\u00a0telefon\u00a0 4024 2886<\/p>\n<p><strong>Pris:<\/strong> Ring og h\u00f8r n\u00e6rmere.Enkeltundervisning (minimum 4 p\u00e5 et hold p\u00e5 grund af \u00e6ndringer i de kommunal refutionsregler) eller \u00a0Max. 8 deltagere p\u00e5 instrumentalundervisning (gruppeundervisning).<\/p>\n","protected":false},"excerpt":{"rendered":"<p>Musisk Aftenskole tilbyder\u00a0undervisning i nedenst\u00e5ende instrumenter. Har du andre \u00f8nske, s\u00e5 ring og forh\u00f8r dig om mulighederne. &#8211; Trompet &#8211; Basun &#8211; Horn &#8211; Klarinet &#8211; Saxofon Undervisningen er for begyndere og \u00f8vede. Tid: Efter aftale Sted: Musikhuset i Skolegade. Periode:\u00a0Efter eget \u00f8nske. Tilmelding: Steen Klarup,\u00a0telefon\u00a0 4024 2886 Pris: Ring og h\u00f8r n\u00e6rmere.Enkeltundervisning (minimum 4 &hellip; <a href=\"https:\/\/musiskaftenskole-saeby.dk\/?page_id=13\" class=\"more-link\">L\u00e6s mere <span class=\"screen-reader-text\">Instrumentalundervisning<\/span><\/a><\/p>\n","protected":false},"author":1,"featured_media":0,"parent":0,"menu_order":0,"comment_status":"closed","ping_status":"closed","template":"","meta":{"footnotes":""},"class_list":["post-13","page","type-page","status-publish","hentry"],"_links":{"self":[{"href":"https:\/\/musiskaftenskole-saeby.dk\/index.php?rest_route=\/wp\/v2\/pages\/13","targetHints":{"allow":["GET"]}}],"collection":[{"href":"https:\/\/musiskaftenskole-saeby.dk\/index.php?rest_route=\/wp\/v2\/pages"}],"about":[{"href":"https:\/\/musiskaftenskole-saeby.dk\/index.php?rest_route=\/wp\/v2\/types\/page"}],"author":[{"embeddable":true,"href":"https:\/\/musiskaftenskole-saeby.dk\/index.php?rest_route=\/wp\/v2\/users\/1"}],"replies":[{"embeddable":true,"href":"https:\/\/musiskaftenskole-saeby.dk\/index.php?rest_route=%2Fwp%2Fv2%2Fcomments&post=13"}],"version-history":[{"count":5,"href":"https:\/\/musiskaftenskole-saeby.dk\/index.php?rest_route=\/wp\/v2\/pages\/13\/revisions"}],"predecessor-version":[{"id":62,"href":"https:\/\/musiskaftenskole-saeby.dk\/index.php?rest_route=\/wp\/v2\/pages\/13\/revisions\/62"}],"wp:attachment":[{"href":"https:\/\/musiskaftenskole-saeby.dk\/index.php?rest_route=%2Fwp%2Fv2%2Fmedia&parent=13"}],"curies":[{"name":"wp","href":"https:\/\/api.w.org\/{rel}","templated":true}]}}